{"id":25,"date":"2017-06-19T07:08:22","date_gmt":"2017-06-19T07:08:22","guid":{"rendered":"https:\/\/websitedemos.net\/astra-lite-demo-1\/?page_id=25"},"modified":"2022-08-22T16:48:11","modified_gmt":"2022-08-22T19:48:11","slug":"contact","status":"publish","type":"page","link":"https:\/\/www.hminfoseg.com.br\/index.php\/contact\/","title":{"rendered":"Contato"},"content":{"rendered":"\n\n\t<h1>\n\t\t\t\t\tSeja nosso cliente!\n\t\t\t\t<\/h1>\n\t<h4>\n\t\t\t\t\tEstamos prontos para lhe atender\n\t\t\t\t<\/h4>\n\t\t\t<h5>A HMINFOSEG oferece solu\u00e7\u00f5es completas em seguran\u00e7a, redes, comunica\u00e7\u00e3o e energia para simplificar e facilitar o trabalho dos nossos parceiros e a vida das pessoas que contam com a nossa marca. Nossa equipe est\u00e1 pronta para desenvolver projetos personalizados para clientes residenciais e corporativos em todo o Brasil e desenvolver projetos na medida do que voc\u00ea precisar.\u00a0<\/h5>\n<h4>\u00a0<\/h4>\n\t<h2>\n\t\t\t\t\tCom quem j\u00e1 trabalhamos\n\t\t\t\t<\/h2>\n\t\t\t\t<img decoding=\"async\" src=\"http:\/\/hminfoseg.com.br\/wp-content\/uploads\/2022\/01\/logo-ultragaz-4096.png\" alt=\"logo-ultragaz-4096\" itemprop=\"image\"\/>\n\t\t\t\t<img decoding=\"async\" src=\"http:\/\/hminfoseg.com.br\/wp-content\/uploads\/2022\/01\/itep.jpg\" alt=\"itep\" itemprop=\"image\"\/>\n\t\t\t\t<img decoding=\"async\" src=\"http:\/\/hminfoseg.com.br\/wp-content\/uploads\/2022\/01\/kn6P0X62_400x400.png\" alt=\"kn6P0X62_400x400\" itemprop=\"image\"\/>\n\t\t\t\t<img decoding=\"async\" src=\"https:\/\/www.hminfoseg.com.br\/wp-content\/uploads\/2022\/07\/transferir-1.png\" alt=\"transferir (1)\" itemprop=\"image\"\/>\n\t\t\t\t<img decoding=\"async\" src=\"https:\/\/www.hminfoseg.com.br\/wp-content\/uploads\/2022\/08\/images.jpg\" alt=\"images\" itemprop=\"image\"\/>\n\t\t\t\t<img decoding=\"async\" src=\"http:\/\/hminfoseg.com.br\/wp-content\/uploads\/2022\/01\/aurora.jpg\" alt=\"aurora\" itemprop=\"image\"\/>\n\t\t\t\t<img decoding=\"async\" src=\"https:\/\/www.hminfoseg.com.br\/wp-content\/uploads\/2022\/02\/transferir-1.png\" alt=\"transferir (1)\" itemprop=\"image\"\/>\n\t\t\t\t<img decoding=\"async\" src=\"http:\/\/hminfoseg.com.br\/wp-content\/uploads\/2022\/02\/transferir.png\" alt=\"transferir\" itemprop=\"image\"\/>\n\t\t\t\t<img decoding=\"async\" src=\"https:\/\/www.hminfoseg.com.br\/wp-content\/uploads\/2022\/08\/carrefour-1.png\" alt=\"carrefour\" itemprop=\"image\"\/>\n\t\t\t\t<img decoding=\"async\" src=\"http:\/\/hminfoseg.com.br\/wp-content\/uploads\/2022\/01\/logo-seara-1024.png\" alt=\"logo-seara-1024\" itemprop=\"image\"\/>\n\t\t\t\t<img decoding=\"async\" src=\"http:\/\/hminfoseg.com.br\/wp-content\/uploads\/2022\/01\/FedEx-Express-logo-1024x768-1.png\" alt=\"FedEx-Express-logo-1024x768\" itemprop=\"image\"\/>\n\t\t\t\t<img decoding=\"async\" src=\"https:\/\/www.hminfoseg.com.br\/wp-content\/uploads\/2022\/07\/transferir.png\" alt=\"transferir\" itemprop=\"image\"\/>\n\t\t\t\t<img decoding=\"async\" src=\"https:\/\/www.hminfoseg.com.br\/wp-content\/uploads\/2022\/08\/cenut.png\" alt=\"cenut\" itemprop=\"image\"\/>\n\t\t\t\t<img decoding=\"async\" src=\"https:\/\/www.hminfoseg.com.br\/wp-content\/uploads\/2022\/08\/unnamed-1.jpg\" alt=\"unnamed (1)\" itemprop=\"image\"\/>\n\t\t\t\t<img decoding=\"async\" src=\"https:\/\/www.hminfoseg.com.br\/wp-content\/uploads\/2022\/08\/oticas_diniz_logo_2020_450_2baa602f39f45bb0e40d8ad75f70ac34.png\" alt=\"oticas_diniz_logo_2020_450_2baa602f39f45bb0e40d8ad75f70ac34\" itemprop=\"image\"\/>\n\t\t\t\t<img decoding=\"async\" src=\"https:\/\/www.hminfoseg.com.br\/wp-content\/uploads\/2022\/08\/30705707_1679894865432111_127933366212231168_n.png\" alt=\"30705707_1679894865432111_127933366212231168_n\" itemprop=\"image\"\/>\n\t\t\t\t<img decoding=\"async\" src=\"https:\/\/www.hminfoseg.com.br\/wp-content\/uploads\/2022\/08\/c-a-2-logo-png-transparent.png\" alt=\"c-a-2-logo-png-transparent\" itemprop=\"image\"\/>\n\t\t\t\t<img decoding=\"async\" src=\"http:\/\/hminfoseg.com.br\/wp-content\/uploads\/2022\/01\/AB_InBev_Logo.jpg\" alt=\"AB_InBev_Logo\" itemprop=\"image\"\/>\n\t\t\t\t<img decoding=\"async\" src=\"https:\/\/www.hminfoseg.com.br\/wp-content\/uploads\/2022\/07\/fgs-brasil-tubo-e-conexoes.png\" alt=\"fgs-brasil-tubo-e-conexoes\" itemprop=\"image\"\/>\n\t\t\t\t<img decoding=\"async\" src=\"https:\/\/www.hminfoseg.com.br\/wp-content\/uploads\/2022\/07\/1587910401732.jpg\" alt=\"1587910401732\" itemprop=\"image\"\/>\n\t\t\t\t<img decoding=\"async\" src=\"https:\/\/www.hminfoseg.com.br\/wp-content\/uploads\/2022\/07\/Sem-titulo.jpg\" alt=\"Sem t\u00edtulo\" itemprop=\"image\"\/>\n\t\t\t\t<img decoding=\"async\" src=\"https:\/\/www.hminfoseg.com.br\/wp-content\/uploads\/2022\/08\/46831039_526005701196639_2828599168325386240_n.jpg\" alt=\"46831039_526005701196639_2828599168325386240_n\" itemprop=\"image\"\/>\n\t\t\t\t<img decoding=\"async\" src=\"http:\/\/hminfoseg.com.br\/wp-content\/uploads\/2022\/01\/logo-resseg.png\" alt=\"logo-resseg\" itemprop=\"image\"\/>\n\t\t\t\t<img decoding=\"async\" src=\"http:\/\/hminfoseg.com.br\/wp-content\/uploads\/2022\/01\/intro.jpg\" alt=\"intro\" itemprop=\"image\"\/>\n\t\t\t\t<img decoding=\"async\" src=\"https:\/\/www.hminfoseg.com.br\/wp-content\/uploads\/2022\/08\/siw.jpg\" alt=\"siw\" itemprop=\"image\"\/>\n\t\t\t\t<img decoding=\"async\" src=\"https:\/\/www.hminfoseg.com.br\/wp-content\/uploads\/2022\/07\/transferir-2.png\" alt=\"transferir (2)\" itemprop=\"image\"\/>\n\t\t\t\t<img decoding=\"async\" src=\"https:\/\/www.hminfoseg.com.br\/wp-content\/uploads\/2022\/08\/transferir-2.png\" alt=\"transferir (2)\" itemprop=\"image\"\/>\n\t<h4>\n\t\t\t\t\tFale Conosco\n\t\t\t\t<\/h4>\n\t<h2>\n\t\t\t\t\tNosso endere\u00e7o\n\t\t\t\t<\/h2>\n\t\t\t<p>Rua Francisco de Assis da Silva Teixeira, N\u00b0 149 A, Cabo de Santo Agostinho &#8211; PE.<\/p>\n<p>E-mail: atendimento@hminfoseg.com.br<\/p>\n\t<h4>\n\t\t\t\t\tPara maiores informa\u00e7\u00f5es\n\t\t\t\t<\/h4>\n\t<h2>\n\t\t\t\t\tContate-nos\n\t\t\t\t<\/h2>\n\t\t\t<p>+55 81 3521-1476 | Whatsapp 81 987681476<\/p>\n\t<h3>\n\t\t\t\t\tAgende seu atendimento!\n\t\t\t\t<\/h3>\n\t\t\t<p>Temos respostas para todas as suas d\u00favidas. Basta enviar-nos uma mensagem e um dos nossos funcion\u00e1rios experientes entrar\u00e1 em contato com voc\u00ea.<\/p>\n\t<div class=\"wpforms-container \" id=\"wpforms-8\"><form id=\"wpforms-form-8\" class=\"wpforms-validate wpforms-form\" data-formid=\"8\" method=\"post\" enctype=\"multipart\/form-data\" action=\"\/index.php\/wp-json\/wp\/v2\/pages\/25\" data-token=\"56c2135b533a692c94244f6590476770\"><noscript class=\"wpforms-error-noscript\">Ative o JavaScript no seu navegador para preencher este formul\u00e1rio.<\/noscript><div class=\"wpforms-field-container\"><div id=\"wpforms-8-field_0-container\" class=\"wpforms-field wpforms-field-name\" data-field-id=\"0\"><label class=\"wpforms-field-label wpforms-label-hide\" for=\"wpforms-8-field_0\">Nome <span class=\"wpforms-required-label\">*<\/span><\/label><input type=\"text\" id=\"wpforms-8-field_0\" class=\"wpforms-field-large wpforms-field-required\" name=\"wpforms[fields][0]\" placeholder=\"Seu nome*\" required><\/div><div id=\"wpforms-8-field_1-container\" class=\"wpforms-field wpforms-field-email\" data-field-id=\"1\"><label class=\"wpforms-field-label wpforms-label-hide\" for=\"wpforms-8-field_1\">Email <span class=\"wpforms-required-label\">*<\/span><\/label><div class=\"wpforms-field-row wpforms-field-large\"><div class=\"wpforms-field-row-block wpforms-one-half wpforms-first\"><input type=\"email\" id=\"wpforms-8-field_1\" class=\"wpforms-field-required wpforms-field-email-primary\" name=\"wpforms[fields][1][primary]\" placeholder=\"Seu email*\" spellcheck=\"false\" required><label for=\"wpforms-8-field_1\" class=\"wpforms-field-sublabel after \">E-mail<\/label><\/div><div class=\"wpforms-field-row-block wpforms-one-half\"><input type=\"email\" id=\"wpforms-8-field_1-secondary\" class=\"wpforms-field-email-secondary wpforms-field-required\" data-rule-confirm=\"#wpforms-8-field_1\" name=\"wpforms[fields][1][secondary]\" spellcheck=\"false\" required><label for=\"wpforms-8-field_1-secondary\" class=\"wpforms-field-sublabel after \">Confirmar e-mail<\/label><\/div><\/div><\/div><div id=\"wpforms-8-field_2-container\" class=\"wpforms-field wpforms-field-textarea\" data-field-id=\"2\"><label class=\"wpforms-field-label wpforms-label-hide\" for=\"wpforms-8-field_2\">Mensagem <span class=\"wpforms-required-label\">*<\/span><\/label><textarea id=\"wpforms-8-field_2\" class=\"wpforms-field-large wpforms-field-required\" name=\"wpforms[fields][2]\" placeholder=\"Mensagem\" required><\/textarea><\/div><\/div><!-- .wpforms-field-container --><div class=\"wpforms-field wpforms-field-hp\"><label for=\"wpforms-8-field-hp\" class=\"wpforms-field-label\">Website<\/label><input type=\"text\" name=\"wpforms[hp]\" id=\"wpforms-8-field-hp\" class=\"wpforms-field-medium\"><\/div><div class=\"wpforms-submit-container\" ><input type=\"hidden\" name=\"wpforms[id]\" value=\"8\"><input type=\"hidden\" name=\"wpforms[author]\" value=\"1\"><button type=\"submit\" name=\"wpforms[submit]\" id=\"wpforms-submit-8\" class=\"wpforms-submit\" data-alt-text=\"Enviando...\" data-submit-text=\"Enviar\" aria-live=\"assertive\" value=\"wpforms-submit\">Enviar<\/button><\/div><\/form><\/div>  <!-- .wpforms-container -->\n\t<iframe loading=\"lazy\" width=\"100%\" height=\"400\" frameborder=\"0\" scrolling=\"no\" marginheight=\"0\" marginwidth=\"0\" src=\"https:\/\/maps.google.com\/maps?q=HMINFOSEG&amp;t=m&amp;z=10&amp;output=embed&amp;iwloc=near\"><\/iframe>\n\t<h3>\n\t\t\t\t\tGostaria de iniciar um projeto conosco?\n\t\t\t\t<\/h3>\n\t\t\t<p>Venha nos visitar ou entre em contato agora mesmo!<\/p>\n\t\t\t<a href=\"https:\/\/api.whatsapp.com\/send\/?phone=558187681476&#038;text&#038;app_absent=0\" target=\"_self\" role=\"button\" rel=\"noopener\">\n\t\t\t\t\t\tfale agora mesmo\n\t\t<\/a>\n\n","protected":false},"excerpt":{"rendered":"<p>Seja nosso cliente! Estamos prontos para lhe atender A HMINFOSEG oferece solu\u00e7\u00f5es completas em seguran\u00e7a, redes, comunica\u00e7\u00e3o e energia para simplificar e facilitar o trabalho dos nossos parceiros e a vida das pessoas que contam com a nossa marca. Nossa equipe est\u00e1 pronta para desenvolver projetos personalizados para clientes residenciais e corporativos em todo o &hellip;<\/p>\n<p class=\"read-more\"> <a class=\"\" href=\"https:\/\/www.hminfoseg.com.br\/index.php\/contact\/\"> <span class=\"screen-reader-text\">Contato<\/span> Leia mais &raquo;<\/a><\/p>\n","protected":false},"author":1,"featured_media":0,"parent":0,"menu_order":0,"comment_status":"closed","ping_status":"closed","template":"","meta":{"site-sidebar-layout":"no-sidebar","site-content-layout":"page-builder","ast-global-header-display":"","ast-banner-title-visibility":"","ast-main-header-display":"","ast-hfb-above-header-display":"","ast-hfb-below-header-display":"","ast-hfb-mobile-header-display":"","site-post-title":"disabled","ast-breadcrumbs-content":"","ast-featured-img":"disabled","footer-sml-layout":"","theme-transparent-header-meta":"default","adv-header-id-meta":"","stick-header-meta":"","header-above-stick-meta":"","header-main-stick-meta":"","header-below-stick-meta":"","footnotes":""},"_links":{"self":[{"href":"https:\/\/www.hminfoseg.com.br\/index.php\/wp-json\/wp\/v2\/pages\/25"}],"collection":[{"href":"https:\/\/www.hminfoseg.com.br\/index.php\/wp-json\/wp\/v2\/pages"}],"about":[{"href":"https:\/\/www.hminfoseg.com.br\/index.php\/wp-json\/wp\/v2\/types\/page"}],"author":[{"embeddable":true,"href":"https:\/\/www.hminfoseg.com.br\/index.php\/wp-json\/wp\/v2\/users\/1"}],"replies":[{"embeddable":true,"href":"https:\/\/www.hminfoseg.com.br\/index.php\/wp-json\/wp\/v2\/comments?post=25"}],"version-history":[{"count":36,"href":"https:\/\/www.hminfoseg.com.br\/index.php\/wp-json\/wp\/v2\/pages\/25\/revisions"}],"predecessor-version":[{"id":1483,"href":"https:\/\/www.hminfoseg.com.br\/index.php\/wp-json\/wp\/v2\/pages\/25\/revisions\/1483"}],"wp:attachment":[{"href":"https:\/\/www.hminfoseg.com.br\/index.php\/wp-json\/wp\/v2\/media?parent=25"}],"curies":[{"name":"wp","href":"https:\/\/api.w.org\/{rel}","templated":true}]}}