{"id":19,"date":"2017-06-19T07:07:27","date_gmt":"2017-06-19T07:07:27","guid":{"rendered":"https:\/\/websitedemos.net\/astra-lite-demo-1\/?page_id=19"},"modified":"2022-10-10T12:43:59","modified_gmt":"2022-10-10T15:43:59","slug":"about","status":"publish","type":"page","link":"https:\/\/www.hminfoseg.com.br\/index.php\/about\/","title":{"rendered":"Quem Somos"},"content":{"rendered":"\n<h1>\n\t\t\t\t\tBem vindo \u00e0 HMINFOSEG\n\t\t\t\t<\/h1>\n\t<h4>\n\t\t\t\t\tQualidade e Seguran\u00e7a com Tecnologia!\n\t\t\t\t<\/h4>\n\t\t\t<h4>Somos uma empresa jovem, dispomos de uma equipe experiente com 20 anos de mercado, altamente treinada e capacitada.<\/h4>\n<h4>Temos compromisso total com a qualidade na execu\u00e7\u00e3o dos servi\u00e7os.<\/h4>\n<h4>Somos Experts no mercado de Seguran\u00e7a Eletr\u00f4nica e TI.<\/h4>\n<h4>Temos solu\u00e7\u00f5es espec\u00edficas para seu neg\u00f3cio, seja ele de que tamanho for.<\/h4>\n\t<h3>\n\t\t\t\t\tQuem somos n\u00f3s\n\t\t\t\t<\/h3>\n\t\t\t<p>Somos um time apaixonado por tecnologia e seguran\u00e7a eletr\u00f4nica que trabalha todos os dias para oferecer os melhores servi\u00e7os e produtos para nossos clientes.<\/p>\n\t<h3>\n\t\t\t\t\tNossa miss\u00e3o\n\t\t\t\t<\/h3>\n\t\t\t<p>Analisar, planejar e implementar solu\u00e7\u00f5es tecnol\u00f3gicas que permitam maior sustenta\u00e7\u00e3o, integra\u00e7\u00e3o, viabiliza\u00e7\u00e3o e seguran\u00e7a dos neg\u00f3cios de nossos clientes.<\/p>\n\t<h3>\n\t\t\t\t\tValores\n\t\t\t\t<\/h3>\n\t\t\t<p>Simplicidade, Seguran\u00e7a no neg\u00f3cio, Qualidade, Produtividade, Empresa feliz, Gest\u00e3o participativa, \u00c9tica, Transpar\u00eancia, Comprometimento, Confiabilidade, Confidencialidade e Inova\u00e7\u00e3o.<\/p>\n\t<h2>\n\t\t\t\t\tNossa hist\u00f3ria\n\t\t\t\t<\/h2>\n\t\t\t<p>HMINFOSEG, \u00e9 uma empresa Pernambucana com sede em Cabo de Santo Agostinho. especializada em Tecnologia da Informa\u00e7\u00e3o e Seguran\u00e7a Eletr\u00f4nica.<\/p>\n<p>Atuamos desde 2018 nas \u00e1reas de Inform\u00e1tica, redes, cabeamento estruturado, servidores, VOIP, CFTV, alarmes de intrus\u00e3o, controle de acesso, alarme de inc\u00eandio, Energia Solar e Automa\u00e7\u00e3o residencial.<\/p>\n<p>Atendemos resid\u00eancias, pequenas e m\u00e9dias empresas, condom\u00ednios em toda regi\u00e3o de PE.<\/p>\n<p>Atuamos em grandes empresas e projetos especiais em todo Brasil.<\/p>\n<p>Temos solu\u00e7\u00f5es sob medida para as empresas que procuram utilizar o m\u00e1ximo da tecnologia em favor dos seus neg\u00f3cios.<\/p>\n<p>Resolvemos desde uma simples configura\u00e7\u00e3o de equipamento at\u00e9 implanta\u00e7\u00e3o de toda estrutura de uma \u00e1rea de inform\u00e1tica e seguran\u00e7a eletr\u00f4nica, envolvendo todos os processos de TI e Seguran\u00e7a.<\/p>\n<p>Comprometimento total, respeito, \u00e9tica e transpar\u00eancia junto a clientes, fornecedores, parceiros e colaboradores.<\/p>\n<p>Fale com a HMINFOSEG e descubra o que uma boa administra\u00e7\u00e3o dos recursos tecnol\u00f3gicos pode proporcionar aos seus neg\u00f3cios.<\/p>\n\t<h2>\n\t\t\t\t\tExcel\u00eancia Operacional HMINFOSEG\n\t\t\t\t<\/h2>\n\t\t\t<h2>Pol\u00edtica de Qualidade<\/h2>\n&nbsp;\n<p>ASSEGURAR A ADI\u00c7\u00c3O DE VALOR AOS NEG\u00d3CIOS DOS CLIENTES, ATRAV\u00c9S DE SERVI\u00c7OS, BUSCANDO:<\/p>\n\t<h3>\n\t\t\t\t\tMelhoria Cont\u00ednua dos Servi\u00e7os\n\t\t\t\t<\/h3>\n\t\t\t<p>Melhorar continuamente nossos servi\u00e7os e produtos atrav\u00e9s da aplica\u00e7\u00e3o das melhores pr\u00e1ticas visando a excel\u00eancia operacional e aprendizado organizacional.<\/p>\n\t<h3>\n\t\t\t\t\tOtimiza\u00e7\u00e3o dos servi\u00e7os\n\t\t\t\t<\/h3>\n\t\t\t<p>Otimizar o uso da tecnologia aplicada aos neg\u00f3cios expandindo nosso portf\u00f3lio de servi\u00e7os e produtos.<\/p>\n\t<h3>\n\t\t\t\t\tTransi\u00e7\u00e3o de Servi\u00e7os\n\t\t\t\t<\/h3>\n\t\t\t<p>Garantir que os objetivos definidos sejam realmente atendidos.<\/p>\n<p>Implementa\u00e7\u00e3o do servi\u00e7o e da sua valida\u00e7\u00e3o.<\/p>\n\t<h3>\n\t\t\t\t\tOpera\u00e7\u00f5es de Servi\u00e7os\n\t\t\t\t<\/h3>\n\t\t\t<p><strong>Entrega do valor do servi\u00e7o ao cliente<\/strong>.&nbsp;<\/p>\n<ul>\n<li>Gerenciamento de incidentes<\/li>\n<li>Atendimento das diretrizes do&nbsp;<a href=\"https:\/\/www.zendesk.com.br\/blog\/o-que-e-acordo-de-nivel-de-servico\/\" target=\"_blank\" rel=\"noreferrer noopener\">Acordo de N\u00edvel de Servi\u00e7o (SLA)<\/a><\/li>\n<li>Garantia de suporte&nbsp;<\/li>\n<li>Gerenciamento de infraestrutura para continuidade do processo<\/li>\n<\/ul>\n\t<h3>\n\t\t\t\t\tIdentifica\u00e7\u00e3o dos resultados obtidos ap\u00f3s a presta\u00e7\u00e3o do servi\u00e7o.\n\t\t\t\t<\/h3>\n\t\t\t<p>Devem ser verificados os pontos positivos e negativos de todo o processo, a fim de ajustar o que n\u00e3o est\u00e1 de acordo e, com isso, garantir a melhoria cont\u00ednua dos servi\u00e7os oferecidos.<\/p>\n\t<h3>\n\t\t\t\t\tPorque escolher-nos?\n\t\t\t\t<\/h3>\n\t<ul>\n\t\t<li><h5>Suporte T\u00e9cnico Especializado<\/h5><p><\/p><ul><li>Seguran\u00e7a eletr\u00f4nica<\/li><li>Redes<\/li><li>Controle de acesso<\/li><li>Comunica\u00e7\u00e3o<\/li><li>VOIP \/ Chat Bot<\/li><li>Energia Solar<\/li><li>Automa\u00e7\u00e3o resid\u00eancial<\/li><li>Cabeamento estruturado<\/li><\/ul><p><\/p><\/li><li><h5>Suporte em TI<\/h5><ul><li title=\"\" data-original-title=\"\">Consultoria<\/li><li title=\"\" data-original-title=\"\">Contrato de Suporte T\u00e9cnico<\/li><li title=\"\" data-original-title=\"\">Solu\u00e7\u00f5es em Outsourcing e Gest\u00e3o da Infraestrutura de TI<\/li><li title=\"\" data-original-title=\"\">Comunica\u00e7\u00f5es Unificadas e Mensageria<\/li><li title=\"\" data-original-title=\"\">Cloud Computing<\/li><li title=\"\" data-original-title=\"\">Virtualiza\u00e7\u00e3o<\/li><li title=\"\" data-original-title=\"\">Seguran\u00e7a e conformidade<\/li><li title=\"\" data-original-title=\"\">Hospedagem de sites \/ E-mail Corporativo<\/li><li title=\"\" data-original-title=\"\">Backup<\/li><\/ul><\/li><li><h5>Atendimento<\/h5><ul><li>De segunda \u00e0 sexta-feira: Das 08:00hs \u00e0s 17:00hs | S\u00e1bado: Das 08:00hs \u00e0s 12:00hs.<\/li><li>Contratos de suporte baseados em SLA de atendimento conforme necessidade do Cliente.<\/li><li>Sistema de atendimento de chamados<\/li><li>Suporte local e remoto<\/li><\/ul><\/li>\t<\/ul>\n\t<h2>\n\t\t\t\t\t+ de 300\n\t\t\t\t<\/h2>\n\t\t\t<p>Projetos Conclu\u00eddos<\/p>\n\t<h2>\n\t\t\t\t\t+ de 500\n\t\t\t\t<\/h2>\n\t\t\t<p>Clientes Felizes<\/p>\n\t<h2>\n\t\t\t\t\t+ de 500\n\t\t\t\t<\/h2>\n\t\t\t<p>Empresas seguras pela HMINFOSEG<\/p>\n\t<h2>\n\t\t\t\t\t+ de 1500\n\t\t\t\t<\/h2>\n\t\t\t<p>Buscas no google mensalmente<\/p>\n\t<h3>\n\t\t\t\t\tGostaria de iniciar um projeto conosco?\n\t\t\t\t<\/h3>\n\t\t\t<a href=\"https:\/\/api.whatsapp.com\/send\/?phone=558187681476&amp;text&amp;app_absent=0\" target=\"_blank\" role=\"button\" rel=\"noopener\">\n\t\t\t\t\t\tfale agora mesmo\n\t\t<\/a>\n","protected":false},"excerpt":{"rendered":"<p>Bem vindo \u00e0 HMINFOSEG Qualidade e Seguran\u00e7a com Tecnologia! Somos uma empresa jovem, dispomos de uma equipe experiente com 20 anos de mercado, altamente treinada e capacitada. Temos compromisso total com a qualidade na execu\u00e7\u00e3o dos servi\u00e7os. Somos Experts no mercado de Seguran\u00e7a Eletr\u00f4nica e TI. Temos solu\u00e7\u00f5es espec\u00edficas para seu neg\u00f3cio, seja ele de &hellip;<\/p>\n<p class=\"read-more\"> <a class=\"\" href=\"https:\/\/www.hminfoseg.com.br\/index.php\/about\/\"> <span class=\"screen-reader-text\">Quem Somos<\/span> Leia mais &raquo;<\/a><\/p>\n","protected":false},"author":1,"featured_media":0,"parent":0,"menu_order":0,"comment_status":"closed","ping_status":"closed","template":"","meta":{"site-sidebar-layout":"no-sidebar","site-content-layout":"page-builder","ast-global-header-display":"","ast-banner-title-visibility":"","ast-main-header-display":"","ast-hfb-above-header-display":"","ast-hfb-below-header-display":"","ast-hfb-mobile-header-display":"","site-post-title":"disabled","ast-breadcrumbs-content":"","ast-featured-img":"disabled","footer-sml-layout":"","theme-transparent-header-meta":"default","adv-header-id-meta":"","stick-header-meta":"","header-above-stick-meta":"","header-main-stick-meta":"","header-below-stick-meta":"","footnotes":""},"_links":{"self":[{"href":"https:\/\/www.hminfoseg.com.br\/index.php\/wp-json\/wp\/v2\/pages\/19"}],"collection":[{"href":"https:\/\/www.hminfoseg.com.br\/index.php\/wp-json\/wp\/v2\/pages"}],"about":[{"href":"https:\/\/www.hminfoseg.com.br\/index.php\/wp-json\/wp\/v2\/types\/page"}],"author":[{"embeddable":true,"href":"https:\/\/www.hminfoseg.com.br\/index.php\/wp-json\/wp\/v2\/users\/1"}],"replies":[{"embeddable":true,"href":"https:\/\/www.hminfoseg.com.br\/index.php\/wp-json\/wp\/v2\/comments?post=19"}],"version-history":[{"count":29,"href":"https:\/\/www.hminfoseg.com.br\/index.php\/wp-json\/wp\/v2\/pages\/19\/revisions"}],"predecessor-version":[{"id":1429,"href":"https:\/\/www.hminfoseg.com.br\/index.php\/wp-json\/wp\/v2\/pages\/19\/revisions\/1429"}],"wp:attachment":[{"href":"https:\/\/www.hminfoseg.com.br\/index.php\/wp-json\/wp\/v2\/media?parent=19"}],"curies":[{"name":"wp","href":"https:\/\/api.w.org\/{rel}","templated":true}]}}