{"id":12,"date":"2017-06-19T05:41:37","date_gmt":"2017-06-19T05:41:37","guid":{"rendered":"https:\/\/websitedemos.net\/astra-lite-demo-1\/?page_id=2"},"modified":"2022-08-22T16:51:14","modified_gmt":"2022-08-22T19:51:14","slug":"home","status":"publish","type":"page","link":"https:\/\/www.hminfoseg.com.br\/","title":{"rendered":"In\u00edcio"},"content":{"rendered":"\n\n\t<h1>\n\t\t\t\t\tTecnologia Segura HMINFOSEG\n\t\t\t\t<\/h1>\n\t\t\t<h5>Alinhamos qualidade e tecnologia garantindo uma maior seguran\u00e7a!<\/h5>\n\t<h5>\n\t\t\t\t\t<a href=\"https:\/\/hminfoseg.com.br\/index.php\/services\/\" title=\"Seguran\u00e7a Eletr\u00f4nica | Controle de Acesso | Redes | Comunica\u00e7\u00e3o | Energia Solar | Automa\u00e7\u00e3o\" target=\"_self\" rel=\"noopener\">\n\t\t\t\t\t\tSeguran\u00e7a Eletr\u00f4nica | Controle de Acesso | Redes | Comunica\u00e7\u00e3o | Energia Solar | Automa\u00e7\u00e3o\n\t\t\t\t\t\t<\/a>\n\t\t\t<\/h5>\n\t\t\t<a href=\"https:\/\/hminfoseg.com.br\/index.php\/services\/\" target=\"_self\" role=\"button\" rel=\"noopener\">\n\t\t\t\t\t\tSaiba Mais\n\t\t<\/a>\n\t<h2>\n\t\t\t\t\tPortf\u00f3lio de Solu\u00e7\u00f5es\n\t\t\t\t<\/h2>\n\t\t\t<a href=\"https:\/\/hminfoseg.com.br\/index.php\/services\/\" target=\"_self\" role=\"button\" rel=\"noopener\">\n\t\t\t\t\t\tPROJETOS DE SEGURAN\u00c7A ELETR\u00d4NICA E TI CUSTOMIZADOS\n\t\t<\/a>\n\t\t\t<a href=\"https:\/\/hminfoseg.com.br\/index.php\/services\/\" target=\"_self\" role=\"button\" rel=\"noopener\">\n\t\t\t\t\t\tCONSULTORIA EM SEGURAN\u00c7A ELETR\u00d4NICA E TI\n\t\t<\/a>\n\t\t\t<a href=\"https:\/\/hminfoseg.com.br\/index.php\/services\/\" target=\"_self\" role=\"button\" rel=\"noopener\">\n\t\t\t\t\t\tHOSPEDAGEM | CLOUD | INFRAESTRUTURA E CABEAMENTO ESTRUTURADO\n\t\t<\/a>\n\t\t\t<a href=\"https:\/\/hminfoseg.com.br\/index.php\/services\/\" target=\"_self\" role=\"button\" rel=\"noopener\">\n\t\t\t\t\t\tSOLU\u00c7\u00d5ES EM PABX NUVEM (VOIP) E CHATBOT\n\t\t<\/a>\n\t<h2>\n\t\t\t\t\tSolu\u00e7\u00f5es integradas\n\t\t\t\t<\/h2>\n<p>A HMINFOSEG oferece solu\u00e7\u00f5es completas em seguran\u00e7a eletr\u00f4nica, redes, comunica\u00e7\u00e3o, automa\u00e7\u00e3o e energia para simplificar e facilitar o trabalho dos nossos parceiros e a vida das pessoas que contam com nossos servi\u00e7os solu\u00e7\u00f5es.<\/p>\n<p>Nossa equipe est\u00e1 pronta para desenvolver projetos personalizados para clientes corporativos e residenciais e desenvolver projetos na medida do que voc\u00ea precisar.\u00a0<\/p>\n\t<ul>\n\t\t<li>\t\t\n\t\t\t\t<img decoding=\"async\" src=\"http:\/\/hminfoseg.com.br\/wp-content\/uploads\/2022\/01\/icone-seguranca-branco-e-verde.png\" alt=\"icone-seguranca-branco-e-verde\" itemprop=\"image\"\/>\n\t\t<h4>Seguran\u00e7a Eletr\u00f4nica<\/h4><p>Oferecemos produtos e servi\u00e7os que levam ainda mais tranquilidade pra sua vida. Equipamentos de alta tecnologia que proporcionam mais seguran\u00e7a, seja para cuidar de quem voc\u00ea ama ou em solu\u00e7\u00f5es para grandes empresas.Cftv, alarmes, controles de acesso, automa\u00e7\u00e3o, prevenc\u00e3o de inc\u00eandio e IA.<\/p><\/li>\t<\/ul>\n\t<ul>\n\t\t<li>\t\t\t\t\n\t\t<h4>Energia Solar<\/h4><p>Solu\u00e7\u00f5es para voc\u00ea economizar contribuindo para um futuro sustent\u00e1vel.Cuidamos de tudo: projeto, instala\u00e7\u00e3o, regulariza\u00e7\u00e3o, manuten\u00e7\u00e3o e monitoramento.<\/p><\/li>\t<\/ul>\n\t<ul>\n\t\t<li>\t\t\t\t\n\t\t<h4>Sua casa inteligente totalmente conectada<\/h4><p>O comando de TVs, l\u00e2mpadas, ares-condicionados, portas, tomadas e muito mais, a um pedido de dist\u00e2ncia. A HMINFOSEG ainda garante ambientes completamente integrados e vers\u00e1teis, com a possibilidade da cria\u00e7\u00e3o de cen\u00e1rios personalizados com a ajuda da Alexa, Google Assistente ou aplicativo exclusivo.<\/p><\/li>\t<\/ul>\n\t<ul>\n\t\t<li>\t\t\n\t\t\t\t<img decoding=\"async\" src=\"http:\/\/hminfoseg.com.br\/wp-content\/uploads\/2022\/01\/icone-comunicacao-branco-e-verde.png\" alt=\"icone-comunicacao-branco-e-verde\" itemprop=\"image\"\/>\n\t\t<h4>Comunica\u00e7\u00e3o<\/h4><p>Especialista em comunica\u00e7\u00e3o, a HMINFOSEG aplica solu\u00e7\u00f5es que aproximam as pessoas, seja com uma liga\u00e7\u00e3o, ou na sala de casa para assistir televis\u00e3o juntos, al\u00e9m de solu\u00e7\u00f5es de m\u00e1xima qualidade para empresas de todos os portes.Solu\u00e7\u00f5es em Telefonia convencional, VOIP, Chatbot e comunica\u00e7\u00e3o.<\/p><\/li>\t<\/ul>\n\t<ul>\n\t\t<li>\t\t\t\t\n\t\t<h4>Controle de acesso<\/h4><p>Com produtos e servi\u00e7os capazes de revolucionar a rotina em resid\u00eancias, Condom\u00ednios, grandes ind\u00fastrias ou pequenas empresas, o portf\u00f3lio de controle de acesso corporativo oferece solu\u00e7\u00f5es de seguran\u00e7a e gest\u00e3o.<\/p><\/li>\t<\/ul>\n\t<ul>\n\t\t<li>\t\t\n\t\t\t\t<img decoding=\"async\" src=\"http:\/\/hminfoseg.com.br\/wp-content\/uploads\/2022\/01\/icone-redes-branco-e-verde.png\" alt=\"icone-redes-branco-e-verde\" itemprop=\"image\"\/>\n\t\t<h4>Redes<\/h4><p>A HMINFOSEG ajuda voc\u00ea a ficar conectado com o mundo, com produtos que permitem organizar, ampliar e gerenciar redes com a m\u00e1xima efici\u00eancia e facilidade. Solu\u00e7\u00f5es completas para conex\u00f5es com m\u00e1xima efici\u00eancia.<\/p><\/li>\t<\/ul>\n\t<ul>\n\t\t<li>\t\t\n\t\t\t\t<img decoding=\"async\" src=\"http:\/\/hminfoseg.com.br\/wp-content\/uploads\/2022\/01\/icone-energia-branco-e-verde.png\" alt=\"icone-energia-branco-e-verde\" itemprop=\"image\"\/>\n\t\t<h4>Energia<\/h4><p>Energia \u00e9 indispens\u00e1vel para o dia a dia e, por isso, a HMINFOSEG oferece solu\u00e7\u00f5es e produtos que s\u00e3o imprescind\u00edveis para que seu projeto seja mais seguro e eficaz.<\/p><\/li>\t<\/ul>\n\t<ul>\n\t\t<li>\t\t\t\t\n\t\t<h4>Suporte T\u00e9cnico<\/h4><p>Suporte T\u00e9cnico especializado.Temos uma equipe t\u00e9cnica treinada, certificada e capacitada, para implanta\u00e7\u00e3o e suporte em todos nosssos segmentos de atua\u00e7\u00e3o trabalhando de a proativa para agir implementando melhorias ao inv\u00e9s de reagir aos problemas apresentados.Contrato de Suporte personalizado para todos os tipos de clientes.<\/p><\/li>\t<\/ul>\n\t<h2>\n\t\t\t\t\tQuem utiliza nossos servi\u00e7os e produtos\n\t\t\t\t<\/h2>\n\t\t\t\t<img decoding=\"async\" src=\"http:\/\/hminfoseg.com.br\/wp-content\/uploads\/2022\/01\/mae-com-filha-em-casa_1157-34383.jpg\" alt=\"mae-com-filha-em-casa_1157-34383\" itemprop=\"image\"\/>\n\t<h4>\n\t\t\t\t\tResid\u00eancias\n\t\t\t\t<\/h4>\n\t\t\t<p>Solu\u00e7\u00f5es completas para cuidar da sua casa.<\/p>\n\t\t\t\t<img decoding=\"async\" src=\"http:\/\/hminfoseg.com.br\/wp-content\/uploads\/2022\/01\/sales-online-working-women-at-their-store-picture-id1193259261-1.jpg\" alt=\"sales-online-working-women-at-their-store-picture-id1193259261-1\" itemprop=\"image\"\/>\n\t<h4>\n\t\t\t\t\tPequenas e m\u00e9dias empresas\n\t\t\t\t<\/h4>\n\t\t\t<p>Oferecemos solu\u00e7\u00f5es completas e com tecnologias inovadoras para resolver problemas e melhorar o dia a dia de empresas, trazendo-as para o futuro.<\/p>\n\t\t\t\t<img decoding=\"async\" src=\"http:\/\/hminfoseg.com.br\/wp-content\/uploads\/2022\/01\/sindico-profissional-sp-04.jpg\" alt=\"sindico-profissional-sp-04\" itemprop=\"image\"\/>\n\t<h4>\n\t\t\t\t\tCondom\u00ednios\n\t\t\t\t<\/h4>\n\t\t\t<p>Solu\u00e7\u00f5es que protegem e<br \/>facilitam a rotina do condom\u00ednio<\/p>\n\t\t\t\t<img decoding=\"async\" src=\"http:\/\/hminfoseg.com.br\/wp-content\/uploads\/2022\/01\/podcast-53-inovasocial-cidades-inteligentes-futuro-mobilidade-coronavirus-guto-intel-02.jpg\" alt=\"podcast-53-inovasocial-cidades-inteligentes-futuro-mobilidade-coronavirus-guto-intel-02\" itemprop=\"image\"\/>\n\t<h4>\n\t\t\t\t\tGrandes empresas e Cidades Inteligentes\n\t\t\t\t<\/h4>\n\t\t\t<p>Deixe sua empresa mais inteligente, eficiente e segura com as Solu\u00e7\u00f5es HMINFOSEG<\/p>\n<p>Nossas solu\u00e7\u00f5es proporcionam conex\u00e3o r\u00e1pida e de qualidade a empresas e cidades inteligentes.<\/p>\n\t<h2>\n\t\t\t\t\tCom quem j\u00e1 trabalhamos\n\t\t\t\t<\/h2>\n\t\t\t\t<img decoding=\"async\" src=\"http:\/\/hminfoseg.com.br\/wp-content\/uploads\/2022\/01\/logo-ultragaz-4096.png\" alt=\"logo-ultragaz-4096\" itemprop=\"image\"\/>\n\t\t\t\t<img decoding=\"async\" src=\"https:\/\/hminfoseg.com.br\/wp-content\/uploads\/2022\/07\/itep.jpg\" alt=\"itep\" itemprop=\"image\"\/>\n\t\t\t\t<img decoding=\"async\" src=\"https:\/\/www.hminfoseg.com.br\/wp-content\/uploads\/2022\/08\/images.jpg\" alt=\"images\" itemprop=\"image\"\/>\n\t\t\t\t<img decoding=\"async\" src=\"https:\/\/www.hminfoseg.com.br\/wp-content\/uploads\/2022\/08\/transferir-2.png\" alt=\"transferir (2)\" itemprop=\"image\"\/>\n\t\t\t\t<img decoding=\"async\" src=\"http:\/\/hminfoseg.com.br\/wp-content\/uploads\/2022\/01\/aurora.jpg\" alt=\"aurora\" itemprop=\"image\"\/>\n\t\t\t\t<img decoding=\"async\" src=\"https:\/\/hminfoseg.com.br\/wp-content\/uploads\/2022\/02\/transferir.png\" alt=\"transferir\" itemprop=\"image\"\/>\n\t\t\t\t<img decoding=\"async\" src=\"https:\/\/hminfoseg.com.br\/wp-content\/uploads\/2022\/07\/transferir-1.png\" alt=\"transferir (1)\" itemprop=\"image\"\/>\n\t\t\t\t<img decoding=\"async\" src=\"https:\/\/www.hminfoseg.com.br\/wp-content\/uploads\/2022\/08\/30705707_1679894865432111_127933366212231168_n.png\" alt=\"30705707_1679894865432111_127933366212231168_n\" itemprop=\"image\"\/>\n\t\t\t\t<img decoding=\"async\" src=\"https:\/\/www.hminfoseg.com.br\/wp-content\/uploads\/2022\/08\/carrefour-1.png\" alt=\"carrefour\" itemprop=\"image\"\/>\n\t\t\t\t<img decoding=\"async\" src=\"https:\/\/www.hminfoseg.com.br\/wp-content\/uploads\/2022\/08\/oticas_diniz_logo_2020_450_2baa602f39f45bb0e40d8ad75f70ac34.png\" alt=\"oticas_diniz_logo_2020_450_2baa602f39f45bb0e40d8ad75f70ac34\" itemprop=\"image\"\/>\n\t\t\t\t<img decoding=\"async\" src=\"https:\/\/hminfoseg.com.br\/wp-content\/uploads\/2022\/07\/images.jpg\" alt=\"images\" itemprop=\"image\"\/>\n\t\t\t\t<img decoding=\"async\" src=\"https:\/\/www.hminfoseg.com.br\/wp-content\/uploads\/2022\/08\/46831039_526005701196639_2828599168325386240_n.jpg\" alt=\"46831039_526005701196639_2828599168325386240_n\" itemprop=\"image\"\/>\n\t\t\t\t<img decoding=\"async\" src=\"http:\/\/hminfoseg.com.br\/wp-content\/uploads\/2022\/01\/logo-seara-1024.png\" alt=\"logo-seara-1024\" itemprop=\"image\"\/>\n\t\t\t\t<img decoding=\"async\" src=\"https:\/\/hminfoseg.com.br\/wp-content\/uploads\/2022\/07\/FedEx-Express-logo-1024x768-1.png\" alt=\"FedEx-Express-logo-1024x768-1\" itemprop=\"image\"\/>\n\t\t\t\t<img decoding=\"async\" src=\"https:\/\/hminfoseg.com.br\/wp-content\/uploads\/2022\/07\/transferir.png\" alt=\"transferir\" itemprop=\"image\"\/>\n\t\t\t\t<img decoding=\"async\" src=\"https:\/\/www.hminfoseg.com.br\/wp-content\/uploads\/2022\/08\/cenut.png\" alt=\"cenut\" itemprop=\"image\"\/>\n\t\t\t\t<img decoding=\"async\" src=\"https:\/\/www.hminfoseg.com.br\/wp-content\/uploads\/2022\/08\/unnamed-1.jpg\" alt=\"unnamed (1)\" itemprop=\"image\"\/>\n\t\t\t\t<img decoding=\"async\" src=\"http:\/\/hminfoseg.com.br\/wp-content\/uploads\/2022\/01\/AB_InBev_Logo.jpg\" alt=\"AB_InBev_Logo\" itemprop=\"image\"\/>\n\t\t\t\t<img decoding=\"async\" src=\"https:\/\/hminfoseg.com.br\/wp-content\/uploads\/2022\/07\/1587910401732.jpg\" alt=\"1587910401732\" itemprop=\"image\"\/>\n\t\t\t\t<img decoding=\"async\" src=\"http:\/\/hminfoseg.com.br\/wp-content\/uploads\/2022\/02\/transferir-1.png\" alt=\"transferir (1)\" itemprop=\"image\"\/>\n\t\t\t\t<img decoding=\"async\" src=\"https:\/\/hminfoseg.com.br\/wp-content\/uploads\/2022\/07\/fgs-brasil-tubo-e-conexoes.png\" alt=\"fgs-brasil-tubo-e-conexoes\" itemprop=\"image\"\/>\n\t\t\t\t<img decoding=\"async\" src=\"https:\/\/hminfoseg.com.br\/wp-content\/uploads\/2022\/07\/Sem-titulo.jpg\" alt=\"Sem t\u00edtulo\" itemprop=\"image\"\/>\n\t\t\t\t<img decoding=\"async\" src=\"https:\/\/www.hminfoseg.com.br\/wp-content\/uploads\/2022\/08\/c-a-2-logo-png-transparent.png\" alt=\"c-a-2-logo-png-transparent\" itemprop=\"image\"\/>\n\t\t\t\t<img decoding=\"async\" src=\"http:\/\/hminfoseg.com.br\/wp-content\/uploads\/2022\/01\/logo-resseg.png\" alt=\"logo-resseg\" itemprop=\"image\"\/>\n\t\t\t\t<img decoding=\"async\" src=\"https:\/\/hminfoseg.com.br\/wp-content\/uploads\/2022\/07\/transferir-2-150x150.png\" alt=\"transferir (2)\" itemprop=\"image\"\/>\n\t\t\t\t<img decoding=\"async\" src=\"https:\/\/www.hminfoseg.com.br\/wp-content\/uploads\/2022\/08\/siw.jpg\" alt=\"siw\" itemprop=\"image\"\/>\n\t\t\t\t<img decoding=\"async\" src=\"https:\/\/hminfoseg.com.br\/wp-content\/uploads\/2022\/07\/transferir.jpg\" alt=\"transferir\" itemprop=\"image\"\/>\n\t<h2>\n\t\t\t\t\tO que dizem nossos clientes\n\t\t\t\t<\/h2>\n\t<ul>\n\t\t<li>\t\t\t\t\n\t\t<h3>Emerson Danda<\/h3><p>Experi\u00eancia maravilhosa. Fui muito bem atendido e tanto o propriet\u00e1rio quanto a equipe s\u00e3o muito atenciosos e competentes. Instalaram todo o sistema de seguran\u00e7a na minha resid\u00eancia em tempo h\u00e1bil e com muita qualidade. Os equipamentos s\u00e3o de primeira linha e atenderam todas as minhas expectativas. A minha avalia\u00e7\u00e3o \u00e9 a melhor poss\u00edvel. Parab\u00e9ns a empresa. Recomendo sem nenhuma restri\u00e7\u00e3o.<\/p><\/li>\t<\/ul>\n\t<ul>\n\t\t<li>\t\t\t\t\n\t\t<h3>Nelson Silva<\/h3><p>Excelente atendimento, assessoria que se prop\u00f5e e fornece as melhores op\u00e7\u00f5es de acordo as necessidades dos clientes.<\/p><\/li>\t<\/ul>\n\t<ul>\n\t\t<li>\t\t\t\t\n\t\t<h3>Amanda Leite<\/h3><p>\u00d3timo atendimento, grande variedade de produtos da Intelbras.<\/p><\/li>\t<\/ul>\n\t<h3>\n\t\t\t\t\tGostaria de iniciar um projeto conosco?\n\t\t\t\t<\/h3>\n\t\t\t<p>Fale conosco agora mesmo e solicite uma ajuda para iniciar seu projeto.<\/p>\n\t\t\t<a href=\"https:\/\/api.whatsapp.com\/send\/?phone=558187681476&#038;text&#038;app_absent=0\" target=\"_blank\" role=\"button\" rel=\"noopener\">\n\t\t\t\t\t\tfale agora mesmo\n\t\t<\/a>\n\n","protected":false},"excerpt":{"rendered":"<p>Tecnologia Segura HMINFOSEG Alinhamos qualidade e tecnologia garantindo uma maior seguran\u00e7a! Seguran\u00e7a Eletr\u00f4nica | Controle de Acesso | Redes | Comunica\u00e7\u00e3o | Energia Solar | Automa\u00e7\u00e3o Saiba Mais Portf\u00f3lio de Solu\u00e7\u00f5es PROJETOS DE SEGURAN\u00c7A ELETR\u00d4NICA E TI CUSTOMIZADOS CONSULTORIA EM SEGURAN\u00c7A ELETR\u00d4NICA E TI HOSPEDAGEM | CLOUD | INFRAESTRUTURA E CABEAMENTO ESTRUTURADO SOLU\u00c7\u00d5ES EM PABX &hellip;<\/p>\n<p class=\"read-more\"> <a class=\"\" href=\"https:\/\/www.hminfoseg.com.br\/\"> <span class=\"screen-reader-text\">In\u00edcio<\/span> Leia mais &raquo;<\/a><\/p>\n","protected":false},"author":1,"featured_media":0,"parent":0,"menu_order":0,"comment_status":"closed","ping_status":"open","template":"","meta":{"site-sidebar-layout":"no-sidebar","site-content-layout":"page-builder","ast-global-header-display":"","ast-banner-title-visibility":"","ast-main-header-display":"","ast-hfb-above-header-display":"","ast-hfb-below-header-display":"","ast-hfb-mobile-header-display":"","site-post-title":"disabled","ast-breadcrumbs-content":"","ast-featured-img":"disabled","footer-sml-layout":"","theme-transparent-header-meta":"default","adv-header-id-meta":"","stick-header-meta":"","header-above-stick-meta":"","header-main-stick-meta":"","header-below-stick-meta":"","footnotes":""},"_links":{"self":[{"href":"https:\/\/www.hminfoseg.com.br\/index.php\/wp-json\/wp\/v2\/pages\/12"}],"collection":[{"href":"https:\/\/www.hminfoseg.com.br\/index.php\/wp-json\/wp\/v2\/pages"}],"about":[{"href":"https:\/\/www.hminfoseg.com.br\/index.php\/wp-json\/wp\/v2\/types\/page"}],"author":[{"embeddable":true,"href":"https:\/\/www.hminfoseg.com.br\/index.php\/wp-json\/wp\/v2\/users\/1"}],"replies":[{"embeddable":true,"href":"https:\/\/www.hminfoseg.com.br\/index.php\/wp-json\/wp\/v2\/comments?post=12"}],"version-history":[{"count":80,"href":"https:\/\/www.hminfoseg.com.br\/index.php\/wp-json\/wp\/v2\/pages\/12\/revisions"}],"predecessor-version":[{"id":1487,"href":"https:\/\/www.hminfoseg.com.br\/index.php\/wp-json\/wp\/v2\/pages\/12\/revisions\/1487"}],"wp:attachment":[{"href":"https:\/\/www.hminfoseg.com.br\/index.php\/wp-json\/wp\/v2\/media?parent=12"}],"curies":[{"name":"wp","href":"https:\/\/api.w.org\/{rel}","templated":true}]}}